{"id":2,"date":"2020-02-04T23:47:50","date_gmt":"2020-02-05T02:47:50","guid":{"rendered":"http:\/\/www.cafeemirates.com.br\/?page_id=2"},"modified":"2020-03-26T19:36:29","modified_gmt":"2020-03-26T22:36:29","slug":"pagina-exemplo","status":"publish","type":"page","link":"https:\/\/www.cafeemirates.com.br\/","title":{"rendered":"Home"},"content":{"rendered":"\n\t\t\t\t<img loading=\"lazy\" decoding=\"async\" src=\"https:\/\/www.cafeemirates.com.br\/wp-content\/uploads\/2020\/03\/LOGO_CAFE_EMIRATES_PT.png\" alt=\"LOGO_CAFE_EMIRATES_PT\" itemprop=\"image\" height=\"595\" width=\"711\" title=\"LOGO_CAFE_EMIRATES_PT\" onerror=\"this.style.display='none'\"  \/>\n<h1>\n\t\tCaf\u00e9s Emirates\n\t<\/h1>\n\t<p><strong>Caf\u00e9 Com Paix\u00e3o<\/strong><\/p>\n<p>A Santo Ant\u00f4nio \u00e9 uma fazenda centen\u00e1ria, fundada em 1886 e encontra-se em plena atividade na agropecu\u00e1ria sustent\u00e1vel, destacando a produ\u00e7\u00e3o de caf\u00e9 inserido na vis\u00e3o conservacionista, preservando o verde e gerando somente produtos org\u00e2nicos h\u00e1 d\u00e9cadas.<\/p>\n\t<p>Do cultivo \u00e0 colheita, passando pela sele\u00e7\u00e3o e classifica\u00e7\u00e3o de nossos caf\u00e9s, a Caf\u00e9 Emirates estabeleceu um padr\u00e3o de excel\u00eancia rigoroso, que garante a voc\u00ea um produto realmente \u00fanico.<\/p>\n\t\t\t\t<img loading=\"lazy\" decoding=\"async\" src=\"https:\/\/www.cafeemirates.com.br\/wp-content\/uploads\/2020\/03\/EMB-CAFE-EMIRATES.png\" alt=\"EMB-CAFE-EMIRATES\" itemprop=\"image\" height=\"674\" width=\"438\" title=\"EMB-CAFE-EMIRATES\" onerror=\"this.style.display='none'\"  \/>\n\t\t\t\t<img loading=\"lazy\" decoding=\"async\" src=\"https:\/\/www.cafeemirates.com.br\/wp-content\/uploads\/2020\/03\/icone-cafe-emirates.png\" alt=\"icone-cafe-emirates\" itemprop=\"image\" height=\"250\" width=\"250\" title=\"icone-cafe-emirates\" onerror=\"this.style.display='none'\"  \/>\n\t<p><a href=\"https:\/\/www.instagram.com\/cafeemiratesbrasil\/\" target=\"_blank\" rel=\"noopener noreferrer\">Clique aqui e siga nosso Intagram<\/a><\/p>\n\t<h4>Formul\u00e1rio de Contato<\/h4>\n\n<div class=\"wpcf7 no-js\" id=\"wpcf7-f27-o1\" lang=\"pt-BR\" dir=\"ltr\" data-wpcf7-id=\"27\">\n<div class=\"screen-reader-response\"><p role=\"status\" aria-live=\"polite\" aria-atomic=\"true\"><\/p> <ul><\/ul><\/div>\n<form action=\"\/index.php?rest_route=%2Fwp%2Fv2%2Fpages%2F2#wpcf7-f27-o1\" method=\"post\" class=\"wpcf7-form init\" aria-label=\"Formul\u00e1rios de contato\" novalidate=\"novalidate\" data-status=\"init\">\n<fieldset class=\"hidden-fields-container\"><input type=\"hidden\" name=\"_wpcf7\" value=\"27\" \/><input type=\"hidden\" name=\"_wpcf7_version\" value=\"6.1.5\" \/><input type=\"hidden\" name=\"_wpcf7_locale\" value=\"pt_BR\" \/><input type=\"hidden\" name=\"_wpcf7_unit_tag\" value=\"wpcf7-f27-o1\" \/><input type=\"hidden\" name=\"_wpcf7_container_post\" value=\"0\" \/><input type=\"hidden\" name=\"_wpcf7_posted_data_hash\" value=\"\" \/><input type=\"hidden\" name=\"_wpcf7_recaptcha_response\" value=\"\" \/>\n<\/fieldset>\n<p><label>Nome*<br \/>\n<span class=\"wpcf7-form-control-wrap\" data-name=\"your-name\"><input size=\"40\" maxlength=\"400\" class=\"wpcf7-form-control wpcf7-text wpcf7-validates-as-required\" aria-required=\"true\" aria-invalid=\"false\" value=\"\" type=\"text\" name=\"your-name\" \/><\/span> <\/label>\n<\/p>\n<p><label>E-mail*<br \/>\n<span class=\"wpcf7-form-control-wrap\" data-name=\"your-email\"><input size=\"40\" maxlength=\"400\" class=\"wpcf7-form-control wpcf7-email wpcf7-validates-as-required wpcf7-text wpcf7-validates-as-email\" aria-required=\"true\" aria-invalid=\"false\" value=\"\" type=\"email\" name=\"your-email\" \/><\/span> <\/label>\n<\/p>\n<p><label>Celular\/WhatsApp*<br \/>\n<span class=\"wpcf7-form-control-wrap\" data-name=\"telefone\"><input size=\"40\" maxlength=\"400\" class=\"wpcf7-form-control wpcf7-text\" aria-invalid=\"false\" value=\"\" type=\"text\" name=\"telefone\" \/><\/span> <\/label>\n<\/p>\n<p><label>Mensagem*<br \/>\n<span class=\"wpcf7-form-control-wrap\" data-name=\"your-message\"><textarea cols=\"40\" rows=\"10\" maxlength=\"2000\" class=\"wpcf7-form-control wpcf7-textarea\" aria-invalid=\"false\" name=\"your-message\"><\/textarea><\/span> <\/label>\n<\/p>\n<p><input class=\"wpcf7-form-control wpcf7-submit has-spinner\" type=\"submit\" value=\"Enviar\" \/>\n<\/p><div class=\"wpcf7-response-output\" aria-hidden=\"true\"><\/div>\n<\/form>\n<\/div>\n\n\t<p>\u00a9 CAF\u00c9 EMIRATES POR FAZENDA SANTO SANTONIO LTDA<\/p>\n<p>&nbsp;<\/p>\n<p><a href=\"https:\/\/www.ribeiraonet.com\/\" target=\"_blank\" rel=\"noopener noreferrer\"><img loading=\"lazy\" decoding=\"async\" src=\"https:\/\/www.ribeiraonet.com\/adm-ribeiraonet\/assinatura-site\/site-desenvolvido-por-ribeiraonet-blk.png\" alt=\"Site Desenvolvido Por: Ribeir\u00e3oNet\" width=\"120\" height=\"24\" \/><\/a><\/p>\n","protected":false},"excerpt":{"rendered":"<p>Caf\u00e9s Emirates Caf\u00e9 Com Paix\u00e3o A Santo Ant\u00f4nio \u00e9 uma fazenda centen\u00e1ria, fundada em 1886 e encontra-se em plena atividade na agropecu\u00e1ria sustent\u00e1vel, destacando a produ\u00e7\u00e3o de caf\u00e9 inserido na vis\u00e3o conservacionista, preservando o verde e gerando somente produtos org\u00e2nicos h\u00e1 d\u00e9cadas. Do cultivo \u00e0 colheita, passando pela sele\u00e7\u00e3o e classifica\u00e7\u00e3o de nossos caf\u00e9s, a&hellip;<\/p>\n","protected":false},"author":1,"featured_media":0,"parent":0,"menu_order":0,"comment_status":"closed","ping_status":"open","template":"tpl-no-header-footer.php","meta":{"footnotes":""},"class_list":["post-2","page","type-page","status-publish","hentry"],"_links":{"self":[{"href":"https:\/\/www.cafeemirates.com.br\/index.php?rest_route=\/wp\/v2\/pages\/2","targetHints":{"allow":["GET"]}}],"collection":[{"href":"https:\/\/www.cafeemirates.com.br\/index.php?rest_route=\/wp\/v2\/pages"}],"about":[{"href":"https:\/\/www.cafeemirates.com.br\/index.php?rest_route=\/wp\/v2\/types\/page"}],"author":[{"embeddable":true,"href":"https:\/\/www.cafeemirates.com.br\/index.php?rest_route=\/wp\/v2\/users\/1"}],"replies":[{"embeddable":true,"href":"https:\/\/www.cafeemirates.com.br\/index.php?rest_route=%2Fwp%2Fv2%2Fcomments&post=2"}],"version-history":[{"count":11,"href":"https:\/\/www.cafeemirates.com.br\/index.php?rest_route=\/wp\/v2\/pages\/2\/revisions"}],"predecessor-version":[{"id":48,"href":"https:\/\/www.cafeemirates.com.br\/index.php?rest_route=\/wp\/v2\/pages\/2\/revisions\/48"}],"wp:attachment":[{"href":"https:\/\/www.cafeemirates.com.br\/index.php?rest_route=%2Fwp%2Fv2%2Fmedia&parent=2"}],"curies":[{"name":"wp","href":"https:\/\/api.w.org\/{rel}","templated":true}]}}